{"id":346,"date":"2021-04-01T01:04:59","date_gmt":"2021-03-31T23:04:59","guid":{"rendered":"https:\/\/www.sentinelleetdevotion.fr\/?page_id=346"},"modified":"2022-05-16T14:46:58","modified_gmt":"2022-05-16T12:46:58","slug":"mentions-legales","status":"publish","type":"page","link":"https:\/\/deborahlenoc.fr\/index.php\/mentions-legales\/","title":{"rendered":"Mentions L\u00e9gales"},"content":{"rendered":"\t\t<div data-elementor-type=\"wp-page\" data-elementor-id=\"346\" class=\"elementor elementor-346\">\n\t\t\t\t\t\t<section class=\"elementor-section elementor-top-section elementor-element elementor-element-a621152 elementor-section-boxed elementor-section-height-default elementor-section-height-default\" data-id=\"a621152\" data-element_type=\"section\" data-e-type=\"section\">\n\t\t\t\t\t\t<div class=\"elementor-container elementor-column-gap-default\">\n\t\t\t\t\t<div class=\"elementor-column elementor-col-100 elementor-top-column elementor-element elementor-element-d50015e\" data-id=\"d50015e\" data-element_type=\"column\" data-e-type=\"column\">\n\t\t\t<div class=\"elementor-widget-wrap elementor-element-populated\">\n\t\t\t\t\t\t<div class=\"elementor-element elementor-element-a4ddc72 elementor-widget elementor-widget-text-editor\" data-id=\"a4ddc72\" data-element_type=\"widget\" data-e-type=\"widget\" data-widget_type=\"text-editor.default\">\n\t\t\t\t<div class=\"elementor-widget-container\">\n\t\t\t\t\t\t\t\t\t<h2>Comment me contacter<\/h2><p><em>Adresse postale : D\u00e9borah Le NOC, 6 sente de la borde 77700 Chessy.<\/em><\/p><h2>Mon statut<\/h2><p>Statut du propri\u00e9taire :&nbsp;Micro-entrepreneur<br>Le Propri\u00e9taire est : D\u00e9borah LE NOC Entrepreneur Individuel (Nom commercial SENTINELLE ET D\u00c9VOTION )<\/p><p>Num\u00e9ro SIREN : 834 326 126 00028<\/p><p>Adresse postale du propri\u00e9taire : 6 sente de la borde 77700 Chessy<\/p><h2>H\u00e9bergeur<\/h2><p>\n\n\n\n\n\n\n<\/p><p>Les sites&nbsp;<a href=\"http:\/\/sentinelleetdevotion.fr\" target=\"_blank\" rel=\"noopener noreferrer\">sentinelleetdevotion.fr&nbsp; <\/a>ainsi que&nbsp;<a href=\"http:\/\/sentinelleetdevotion.com\" target=\"_blank\" rel=\"noopener noreferrer\">deborahlenoc.com<\/a>&nbsp;sont h\u00e9berg\u00e9 par OVH, SAS au capital de 10 069 020 \u20ac<br>RCS Lille M\u00e9tropole 424 761 419 00045-&nbsp;Code APE 2620Z &#8211;&nbsp;N\u00b0 TVA : FR 22 424 761 419<br>Si\u00e8ge social : 2 rue Kellermann &#8211; 59100 Roubaix &#8211; France<\/p>\t\t\t\t\t\t\t\t<\/div>\n\t\t\t\t<\/div>\n\t\t\t\t\t<\/div>\n\t\t<\/div>\n\t\t\t\t\t<\/div>\n\t\t<\/section>\n\t\t\t\t<\/div>\n\t\t","protected":false},"excerpt":{"rendered":"<p>Comment me contacter Adresse postale : D\u00e9borah Le NOC, 6 sente de la borde 77700 Chessy. Mon statut Statut du propri\u00e9taire :&nbsp;Micro-entrepreneurLe Propri\u00e9taire est : D\u00e9borah LE NOC Entrepreneur Individuel (Nom commercial SENTINELLE ET D\u00c9VOTION ) Num\u00e9ro SIREN : 834 326 126 00028 Adresse postale du propri\u00e9taire : 6 sente de la borde 77700 Chessy [&hellip;]<\/p>\n","protected":false},"author":1,"featured_media":0,"parent":0,"menu_order":0,"comment_status":"closed","ping_status":"closed","template":"","meta":{"footnotes":""},"class_list":["post-346","page","type-page","status-publish","hentry","entry"],"yoast_head":"<!-- This site is optimized with the Yoast SEO plugin v27.5 - https:\/\/yoast.com\/product\/yoast-seo-wordpress\/ -->\n<title>Mentions L\u00e9gales - D\u00e9borah Le Noc - D\u00e9veloppement f\u00e9minin<\/title>\n<meta name=\"robots\" content=\"index, follow, max-snippet:-1, max-image-preview:large, max-video-preview:-1\" \/>\n<link rel=\"canonical\" href=\"https:\/\/deborahlenoc.fr\/index.php\/mentions-legales\/\" \/>\n<meta property=\"og:locale\" content=\"fr_FR\" \/>\n<meta property=\"og:type\" content=\"article\" \/>\n<meta property=\"og:title\" content=\"Mentions L\u00e9gales - D\u00e9borah Le Noc - D\u00e9veloppement f\u00e9minin\" \/>\n<meta property=\"og:description\" content=\"Comment me contacter Adresse postale : D\u00e9borah Le NOC, 6 sente de la borde 77700 Chessy. Mon statut Statut du propri\u00e9taire :&nbsp;Micro-entrepreneurLe Propri\u00e9taire est : D\u00e9borah LE NOC Entrepreneur Individuel (Nom commercial SENTINELLE ET D\u00c9VOTION ) Num\u00e9ro SIREN : 834 326 126 00028 Adresse postale du propri\u00e9taire : 6 sente de la borde 77700 Chessy [&hellip;]\" \/>\n<meta property=\"og:url\" content=\"https:\/\/deborahlenoc.fr\/index.php\/mentions-legales\/\" \/>\n<meta property=\"og:site_name\" content=\"D\u00e9borah Le Noc - D\u00e9veloppement f\u00e9minin\" \/>\n<meta property=\"article:modified_time\" content=\"2022-05-16T12:46:58+00:00\" \/>\n<meta name=\"twitter:card\" content=\"summary_large_image\" \/>\n<script type=\"application\/ld+json\" class=\"yoast-schema-graph\">{\"@context\":\"https:\\\/\\\/schema.org\",\"@graph\":[{\"@type\":\"WebPage\",\"@id\":\"https:\\\/\\\/deborahlenoc.fr\\\/index.php\\\/mentions-legales\\\/\",\"url\":\"https:\\\/\\\/deborahlenoc.fr\\\/index.php\\\/mentions-legales\\\/\",\"name\":\"Mentions L\u00e9gales - D\u00e9borah Le Noc - D\u00e9veloppement f\u00e9minin\",\"isPartOf\":{\"@id\":\"https:\\\/\\\/deborahlenoc.fr\\\/#website\"},\"datePublished\":\"2021-03-31T23:04:59+00:00\",\"dateModified\":\"2022-05-16T12:46:58+00:00\",\"breadcrumb\":{\"@id\":\"https:\\\/\\\/deborahlenoc.fr\\\/index.php\\\/mentions-legales\\\/#breadcrumb\"},\"inLanguage\":\"fr-FR\",\"potentialAction\":[{\"@type\":\"ReadAction\",\"target\":[\"https:\\\/\\\/deborahlenoc.fr\\\/index.php\\\/mentions-legales\\\/\"]}]},{\"@type\":\"BreadcrumbList\",\"@id\":\"https:\\\/\\\/deborahlenoc.fr\\\/index.php\\\/mentions-legales\\\/#breadcrumb\",\"itemListElement\":[{\"@type\":\"ListItem\",\"position\":1,\"name\":\"Accueil\",\"item\":\"https:\\\/\\\/deborahlenoc.fr\\\/\"},{\"@type\":\"ListItem\",\"position\":2,\"name\":\"Mentions L\u00e9gales\"}]},{\"@type\":\"WebSite\",\"@id\":\"https:\\\/\\\/deborahlenoc.fr\\\/#website\",\"url\":\"https:\\\/\\\/deborahlenoc.fr\\\/\",\"name\":\"D\u00e9borah Le Noc - D\u00e9veloppement f\u00e9minin\",\"description\":\"R\u00e9v\u00e8le et maximise ton potentiel en devenant une femme accomplie et charismatique !\",\"publisher\":{\"@id\":\"https:\\\/\\\/deborahlenoc.fr\\\/#\\\/schema\\\/person\\\/3755fca8ecb77a810d63b477184dc6c4\"},\"potentialAction\":[{\"@type\":\"SearchAction\",\"target\":{\"@type\":\"EntryPoint\",\"urlTemplate\":\"https:\\\/\\\/deborahlenoc.fr\\\/?s={search_term_string}\"},\"query-input\":{\"@type\":\"PropertyValueSpecification\",\"valueRequired\":true,\"valueName\":\"search_term_string\"}}],\"inLanguage\":\"fr-FR\"},{\"@type\":[\"Person\",\"Organization\"],\"@id\":\"https:\\\/\\\/deborahlenoc.fr\\\/#\\\/schema\\\/person\\\/3755fca8ecb77a810d63b477184dc6c4\",\"name\":\"D\u00e9borah LE NOC\",\"image\":{\"@type\":\"ImageObject\",\"inLanguage\":\"fr-FR\",\"@id\":\"https:\\\/\\\/deborahlenoc.fr\\\/wp-content\\\/uploads\\\/2021\\\/04\\\/cropped-Deborah-Le-Nox-2.png\",\"url\":\"https:\\\/\\\/deborahlenoc.fr\\\/wp-content\\\/uploads\\\/2021\\\/04\\\/cropped-Deborah-Le-Nox-2.png\",\"contentUrl\":\"https:\\\/\\\/deborahlenoc.fr\\\/wp-content\\\/uploads\\\/2021\\\/04\\\/cropped-Deborah-Le-Nox-2.png\",\"width\":500,\"height\":138,\"caption\":\"D\u00e9borah LE NOC\"},\"logo\":{\"@id\":\"https:\\\/\\\/deborahlenoc.fr\\\/wp-content\\\/uploads\\\/2021\\\/04\\\/cropped-Deborah-Le-Nox-2.png\"},\"sameAs\":[\"http:\\\/\\\/deborahlenoc.fr\"]}]}<\/script>\n<!-- \/ Yoast SEO plugin. -->","yoast_head_json":{"title":"Mentions L\u00e9gales - D\u00e9borah Le Noc - D\u00e9veloppement f\u00e9minin","robots":{"index":"index","follow":"follow","max-snippet":"max-snippet:-1","max-image-preview":"max-image-preview:large","max-video-preview":"max-video-preview:-1"},"canonical":"https:\/\/deborahlenoc.fr\/index.php\/mentions-legales\/","og_locale":"fr_FR","og_type":"article","og_title":"Mentions L\u00e9gales - D\u00e9borah Le Noc - D\u00e9veloppement f\u00e9minin","og_description":"Comment me contacter Adresse postale : D\u00e9borah Le NOC, 6 sente de la borde 77700 Chessy. Mon statut Statut du propri\u00e9taire :&nbsp;Micro-entrepreneurLe Propri\u00e9taire est : D\u00e9borah LE NOC Entrepreneur Individuel (Nom commercial SENTINELLE ET D\u00c9VOTION ) Num\u00e9ro SIREN : 834 326 126 00028 Adresse postale du propri\u00e9taire : 6 sente de la borde 77700 Chessy [&hellip;]","og_url":"https:\/\/deborahlenoc.fr\/index.php\/mentions-legales\/","og_site_name":"D\u00e9borah Le Noc - D\u00e9veloppement f\u00e9minin","article_modified_time":"2022-05-16T12:46:58+00:00","twitter_card":"summary_large_image","schema":{"@context":"https:\/\/schema.org","@graph":[{"@type":"WebPage","@id":"https:\/\/deborahlenoc.fr\/index.php\/mentions-legales\/","url":"https:\/\/deborahlenoc.fr\/index.php\/mentions-legales\/","name":"Mentions L\u00e9gales - D\u00e9borah Le Noc - D\u00e9veloppement f\u00e9minin","isPartOf":{"@id":"https:\/\/deborahlenoc.fr\/#website"},"datePublished":"2021-03-31T23:04:59+00:00","dateModified":"2022-05-16T12:46:58+00:00","breadcrumb":{"@id":"https:\/\/deborahlenoc.fr\/index.php\/mentions-legales\/#breadcrumb"},"inLanguage":"fr-FR","potentialAction":[{"@type":"ReadAction","target":["https:\/\/deborahlenoc.fr\/index.php\/mentions-legales\/"]}]},{"@type":"BreadcrumbList","@id":"https:\/\/deborahlenoc.fr\/index.php\/mentions-legales\/#breadcrumb","itemListElement":[{"@type":"ListItem","position":1,"name":"Accueil","item":"https:\/\/deborahlenoc.fr\/"},{"@type":"ListItem","position":2,"name":"Mentions L\u00e9gales"}]},{"@type":"WebSite","@id":"https:\/\/deborahlenoc.fr\/#website","url":"https:\/\/deborahlenoc.fr\/","name":"D\u00e9borah Le Noc - D\u00e9veloppement f\u00e9minin","description":"R\u00e9v\u00e8le et maximise ton potentiel en devenant une femme accomplie et charismatique !","publisher":{"@id":"https:\/\/deborahlenoc.fr\/#\/schema\/person\/3755fca8ecb77a810d63b477184dc6c4"},"potentialAction":[{"@type":"SearchAction","target":{"@type":"EntryPoint","urlTemplate":"https:\/\/deborahlenoc.fr\/?s={search_term_string}"},"query-input":{"@type":"PropertyValueSpecification","valueRequired":true,"valueName":"search_term_string"}}],"inLanguage":"fr-FR"},{"@type":["Person","Organization"],"@id":"https:\/\/deborahlenoc.fr\/#\/schema\/person\/3755fca8ecb77a810d63b477184dc6c4","name":"D\u00e9borah LE NOC","image":{"@type":"ImageObject","inLanguage":"fr-FR","@id":"https:\/\/deborahlenoc.fr\/wp-content\/uploads\/2021\/04\/cropped-Deborah-Le-Nox-2.png","url":"https:\/\/deborahlenoc.fr\/wp-content\/uploads\/2021\/04\/cropped-Deborah-Le-Nox-2.png","contentUrl":"https:\/\/deborahlenoc.fr\/wp-content\/uploads\/2021\/04\/cropped-Deborah-Le-Nox-2.png","width":500,"height":138,"caption":"D\u00e9borah LE NOC"},"logo":{"@id":"https:\/\/deborahlenoc.fr\/wp-content\/uploads\/2021\/04\/cropped-Deborah-Le-Nox-2.png"},"sameAs":["http:\/\/deborahlenoc.fr"]}]}},"_links":{"self":[{"href":"https:\/\/deborahlenoc.fr\/index.php\/wp-json\/wp\/v2\/pages\/346","targetHints":{"allow":["GET"]}}],"collection":[{"href":"https:\/\/deborahlenoc.fr\/index.php\/wp-json\/wp\/v2\/pages"}],"about":[{"href":"https:\/\/deborahlenoc.fr\/index.php\/wp-json\/wp\/v2\/types\/page"}],"author":[{"embeddable":true,"href":"https:\/\/deborahlenoc.fr\/index.php\/wp-json\/wp\/v2\/users\/1"}],"replies":[{"embeddable":true,"href":"https:\/\/deborahlenoc.fr\/index.php\/wp-json\/wp\/v2\/comments?post=346"}],"version-history":[{"count":22,"href":"https:\/\/deborahlenoc.fr\/index.php\/wp-json\/wp\/v2\/pages\/346\/revisions"}],"predecessor-version":[{"id":681,"href":"https:\/\/deborahlenoc.fr\/index.php\/wp-json\/wp\/v2\/pages\/346\/revisions\/681"}],"wp:attachment":[{"href":"https:\/\/deborahlenoc.fr\/index.php\/wp-json\/wp\/v2\/media?parent=346"}],"curies":[{"name":"wp","href":"https:\/\/api.w.org\/{rel}","templated":true}]}}